{"id":63,"date":"2019-03-07T22:58:02","date_gmt":"2019-03-07T22:58:02","guid":{"rendered":"http:\/\/altenburger-bussle.de\/?page_id=63"},"modified":"2025-04-09T15:55:51","modified_gmt":"2025-04-09T15:55:51","slug":"sponsoren-spenden","status":"publish","type":"page","link":"https:\/\/altenburger-bussle.de\/?page_id=63","title":{"rendered":"Unterst\u00fctzer \/ Spenden"},"content":{"rendered":"\n<pre class=\"wp-block-code\"><code><\/code><\/pre>\n\n\n\n<h2>Hauptunterst\u00fctzer    <sub>mit Logo auf dem Fahrzeug<\/sub>  <\/h2>\n\n\n\n<figure class=\"wp-block-table\"><table><tbody><tr><td><img decoding=\"async\" loading=\"lazy\" width=\"1857\" height=\"1126\" class=\"wp-image-883\" style=\"width: 150px;\" src=\"http:\/\/altenburger-bussle.de\/wp-content\/uploads\/2025\/03\/Bild-09_Apotheke.jpg\" alt=\"\" srcset=\"https:\/\/altenburger-bussle.de\/wp-content\/uploads\/2025\/03\/Bild-09_Apotheke.jpg 1857w, https:\/\/altenburger-bussle.de\/wp-content\/uploads\/2025\/03\/Bild-09_Apotheke-300x182.jpg 300w, https:\/\/altenburger-bussle.de\/wp-content\/uploads\/2025\/03\/Bild-09_Apotheke-1024x621.jpg 1024w, https:\/\/altenburger-bussle.de\/wp-content\/uploads\/2025\/03\/Bild-09_Apotheke-768x466.jpg 768w, https:\/\/altenburger-bussle.de\/wp-content\/uploads\/2025\/03\/Bild-09_Apotheke-1536x931.jpg 1536w, https:\/\/altenburger-bussle.de\/wp-content\/uploads\/2025\/03\/Bild-09_Apotheke-1200x728.jpg 1200w\" sizes=\"(max-width: 709px) 85vw, (max-width: 909px) 67vw, (max-width: 1362px) 62vw, 840px\" \/><\/td><td>   Apotheke Rommelsbach<br>  Egertstra\u00dfe 13<br>  72768  Reutlingen  <sub>Rommelsbach<\/sub>                                                                                          <\/td><td>    Tel. 07121 95640                                    <\/td><\/tr><tr><td> <br><img decoding=\"async\" loading=\"lazy\" width=\"1857\" height=\"1126\" class=\"wp-image-984\" style=\"width: 150px;\" src=\"http:\/\/altenburger-bussle.de\/wp-content\/uploads\/2025\/04\/Bild-01_Blumenk..jpg\" alt=\"\" srcset=\"https:\/\/altenburger-bussle.de\/wp-content\/uploads\/2025\/04\/Bild-01_Blumenk..jpg 1857w, https:\/\/altenburger-bussle.de\/wp-content\/uploads\/2025\/04\/Bild-01_Blumenk.-300x182.jpg 300w, https:\/\/altenburger-bussle.de\/wp-content\/uploads\/2025\/04\/Bild-01_Blumenk.-1024x621.jpg 1024w, https:\/\/altenburger-bussle.de\/wp-content\/uploads\/2025\/04\/Bild-01_Blumenk.-768x466.jpg 768w, https:\/\/altenburger-bussle.de\/wp-content\/uploads\/2025\/04\/Bild-01_Blumenk.-1536x931.jpg 1536w, https:\/\/altenburger-bussle.de\/wp-content\/uploads\/2025\/04\/Bild-01_Blumenk.-1200x728.jpg 1200w\" sizes=\"(max-width: 709px) 85vw, (max-width: 909px) 67vw, (max-width: 1362px) 62vw, 840px\" \/><\/td><td>Blumenk\u00f6rble<br>Reisweg 1<br>72768 Reutlingen  <sub>Rommelsbach<\/sub><\/td><td>Tel. 07121 10022<\/td><\/tr><tr><td><img decoding=\"async\" loading=\"lazy\" width=\"1857\" height=\"1126\" class=\"wp-image-886\" style=\"width: 150px;\" src=\"http:\/\/altenburger-bussle.de\/wp-content\/uploads\/2025\/03\/Bild-12_DIMA.jpg\" alt=\"\" srcset=\"https:\/\/altenburger-bussle.de\/wp-content\/uploads\/2025\/03\/Bild-12_DIMA.jpg 1857w, https:\/\/altenburger-bussle.de\/wp-content\/uploads\/2025\/03\/Bild-12_DIMA-300x182.jpg 300w, https:\/\/altenburger-bussle.de\/wp-content\/uploads\/2025\/03\/Bild-12_DIMA-1024x621.jpg 1024w, https:\/\/altenburger-bussle.de\/wp-content\/uploads\/2025\/03\/Bild-12_DIMA-768x466.jpg 768w, https:\/\/altenburger-bussle.de\/wp-content\/uploads\/2025\/03\/Bild-12_DIMA-1536x931.jpg 1536w, https:\/\/altenburger-bussle.de\/wp-content\/uploads\/2025\/03\/Bild-12_DIMA-1200x728.jpg 1200w\" sizes=\"(max-width: 709px) 85vw, (max-width: 909px) 67vw, (max-width: 1362px) 62vw, 840px\" \/><\/td><td>DIMA  Dieter Mayer <br>Baustoffe GmbH<br>Neckartalstr. 10<br>72768 Reutlingen  <sub>Altenburg<\/sub><\/td><td>Tel. 07121 67303<\/td><\/tr><tr><td><img decoding=\"async\" loading=\"lazy\" width=\"1857\" height=\"1126\" class=\"wp-image-887\" style=\"width: 150px;\" src=\"http:\/\/altenburger-bussle.de\/wp-content\/uploads\/2025\/03\/Bild-05_Erlenhof.jpg\" alt=\"\" srcset=\"https:\/\/altenburger-bussle.de\/wp-content\/uploads\/2025\/03\/Bild-05_Erlenhof.jpg 1857w, https:\/\/altenburger-bussle.de\/wp-content\/uploads\/2025\/03\/Bild-05_Erlenhof-300x182.jpg 300w, https:\/\/altenburger-bussle.de\/wp-content\/uploads\/2025\/03\/Bild-05_Erlenhof-1024x621.jpg 1024w, https:\/\/altenburger-bussle.de\/wp-content\/uploads\/2025\/03\/Bild-05_Erlenhof-768x466.jpg 768w, https:\/\/altenburger-bussle.de\/wp-content\/uploads\/2025\/03\/Bild-05_Erlenhof-1536x931.jpg 1536w, https:\/\/altenburger-bussle.de\/wp-content\/uploads\/2025\/03\/Bild-05_Erlenhof-1200x728.jpg 1200w\" sizes=\"(max-width: 709px) 85vw, (max-width: 909px) 67vw, (max-width: 1362px) 62vw, 840px\" \/><\/td><td>Reitstall Erlenhof<br>Donaustra\u00dfe 94<br>72768 Reutlingen  <sub>Altenburg<\/sub><\/td><td>www.reitstall &#8211; erlenhof.com<\/td><\/tr><tr><td><img decoding=\"async\" loading=\"lazy\" width=\"1857\" height=\"1126\" class=\"wp-image-888\" style=\"width: 150px;\" src=\"http:\/\/altenburger-bussle.de\/wp-content\/uploads\/2025\/03\/Bild-04_Grotzke.jpg\" alt=\"\" srcset=\"https:\/\/altenburger-bussle.de\/wp-content\/uploads\/2025\/03\/Bild-04_Grotzke.jpg 1857w, https:\/\/altenburger-bussle.de\/wp-content\/uploads\/2025\/03\/Bild-04_Grotzke-300x182.jpg 300w, https:\/\/altenburger-bussle.de\/wp-content\/uploads\/2025\/03\/Bild-04_Grotzke-1024x621.jpg 1024w, https:\/\/altenburger-bussle.de\/wp-content\/uploads\/2025\/03\/Bild-04_Grotzke-768x466.jpg 768w, https:\/\/altenburger-bussle.de\/wp-content\/uploads\/2025\/03\/Bild-04_Grotzke-1536x931.jpg 1536w, https:\/\/altenburger-bussle.de\/wp-content\/uploads\/2025\/03\/Bild-04_Grotzke-1200x728.jpg 1200w\" sizes=\"(max-width: 709px) 85vw, (max-width: 909px) 67vw, (max-width: 1362px) 62vw, 840px\" \/><\/td><td>SVO R\u00f6ntgentechnik Grotzke<br>Lahnstra\u00dfe 10<br>72768 Reutlingen <sub>Altenburg<\/sub><\/td><td>www.sachverstaendige &#8211; grotzke.de<\/td><\/tr><tr><td><img decoding=\"async\" loading=\"lazy\" width=\"1857\" height=\"1126\" class=\"wp-image-889\" style=\"width: 150px;\" src=\"http:\/\/altenburger-bussle.de\/wp-content\/uploads\/2025\/03\/Bild-07_haeringgahn.jpg\" alt=\"\" srcset=\"https:\/\/altenburger-bussle.de\/wp-content\/uploads\/2025\/03\/Bild-07_haeringgahn.jpg 1857w, https:\/\/altenburger-bussle.de\/wp-content\/uploads\/2025\/03\/Bild-07_haeringgahn-300x182.jpg 300w, https:\/\/altenburger-bussle.de\/wp-content\/uploads\/2025\/03\/Bild-07_haeringgahn-1024x621.jpg 1024w, https:\/\/altenburger-bussle.de\/wp-content\/uploads\/2025\/03\/Bild-07_haeringgahn-768x466.jpg 768w, https:\/\/altenburger-bussle.de\/wp-content\/uploads\/2025\/03\/Bild-07_haeringgahn-1536x931.jpg 1536w, https:\/\/altenburger-bussle.de\/wp-content\/uploads\/2025\/03\/Bild-07_haeringgahn-1200x728.jpg 1200w\" sizes=\"(max-width: 709px) 85vw, (max-width: 909px) 67vw, (max-width: 1362px) 62vw, 840px\" \/><\/td><td>H\u00e4ring &amp; Gahn Friseure<br>Gotlandstra\u00dfe 2<br>72768 Reutlingen <sub>Rommelsbach<\/sub><\/td><td>Tel. 07121 9708087<\/td><\/tr><tr><td><img decoding=\"async\" loading=\"lazy\" width=\"1857\" height=\"1126\" class=\"wp-image-890\" style=\"width: 150px;\" src=\"http:\/\/altenburger-bussle.de\/wp-content\/uploads\/2025\/03\/Bild-11_Kuenstle.jpg\" alt=\"\" srcset=\"https:\/\/altenburger-bussle.de\/wp-content\/uploads\/2025\/03\/Bild-11_Kuenstle.jpg 1857w, https:\/\/altenburger-bussle.de\/wp-content\/uploads\/2025\/03\/Bild-11_Kuenstle-300x182.jpg 300w, https:\/\/altenburger-bussle.de\/wp-content\/uploads\/2025\/03\/Bild-11_Kuenstle-1024x621.jpg 1024w, https:\/\/altenburger-bussle.de\/wp-content\/uploads\/2025\/03\/Bild-11_Kuenstle-768x466.jpg 768w, https:\/\/altenburger-bussle.de\/wp-content\/uploads\/2025\/03\/Bild-11_Kuenstle-1536x931.jpg 1536w, https:\/\/altenburger-bussle.de\/wp-content\/uploads\/2025\/03\/Bild-11_Kuenstle-1200x728.jpg 1200w\" sizes=\"(max-width: 709px) 85vw, (max-width: 909px) 67vw, (max-width: 1362px) 62vw, 840px\" \/><\/td><td>Stefan K\u00fcnstle GmbH<br>Lechstra\u00dfe 12<br>72768 Reutlingen <sub>Altenburg<\/sub><\/td><td>www.kuenstle &#8211; reutlingen.de<\/td><\/tr><tr><td><img decoding=\"async\" loading=\"lazy\" width=\"1857\" height=\"1126\" class=\"wp-image-891\" style=\"width: 150px;\" src=\"http:\/\/altenburger-bussle.de\/wp-content\/uploads\/2025\/03\/Bild-02_SAM.jpg\" alt=\"\" srcset=\"https:\/\/altenburger-bussle.de\/wp-content\/uploads\/2025\/03\/Bild-02_SAM.jpg 1857w, https:\/\/altenburger-bussle.de\/wp-content\/uploads\/2025\/03\/Bild-02_SAM-300x182.jpg 300w, https:\/\/altenburger-bussle.de\/wp-content\/uploads\/2025\/03\/Bild-02_SAM-1024x621.jpg 1024w, https:\/\/altenburger-bussle.de\/wp-content\/uploads\/2025\/03\/Bild-02_SAM-768x466.jpg 768w, https:\/\/altenburger-bussle.de\/wp-content\/uploads\/2025\/03\/Bild-02_SAM-1536x931.jpg 1536w, https:\/\/altenburger-bussle.de\/wp-content\/uploads\/2025\/03\/Bild-02_SAM-1200x728.jpg 1200w\" sizes=\"(max-width: 709px) 85vw, (max-width: 909px) 67vw, (max-width: 1362px) 62vw, 840px\" \/><\/td><td>Joachim Sch\u00e4fer <br>SAM  Metallbau<br>Illerstra\u00dfe 6<br>72768 Reutlingen  <sub>Altenburg<\/sub><\/td><td>Tel. 07121 601925<\/td><\/tr><tr><td><img decoding=\"async\" loading=\"lazy\" width=\"1857\" height=\"1126\" class=\"wp-image-986\" style=\"width: 150px;\" src=\"http:\/\/altenburger-bussle.de\/wp-content\/uploads\/2025\/04\/Bild-13_Sedaghat.jpg\" alt=\"\" srcset=\"https:\/\/altenburger-bussle.de\/wp-content\/uploads\/2025\/04\/Bild-13_Sedaghat.jpg 1857w, https:\/\/altenburger-bussle.de\/wp-content\/uploads\/2025\/04\/Bild-13_Sedaghat-300x182.jpg 300w, https:\/\/altenburger-bussle.de\/wp-content\/uploads\/2025\/04\/Bild-13_Sedaghat-1024x621.jpg 1024w, https:\/\/altenburger-bussle.de\/wp-content\/uploads\/2025\/04\/Bild-13_Sedaghat-768x466.jpg 768w, https:\/\/altenburger-bussle.de\/wp-content\/uploads\/2025\/04\/Bild-13_Sedaghat-1536x931.jpg 1536w, https:\/\/altenburger-bussle.de\/wp-content\/uploads\/2025\/04\/Bild-13_Sedaghat-1200x728.jpg 1200w\" sizes=\"(max-width: 709px) 85vw, (max-width: 909px) 67vw, (max-width: 1362px) 62vw, 840px\" \/><\/td><td>Maler Sedaghat<br>Asgar Sedaghat<br>Nikolausstra\u00dfe 15<br>72768 Reutlingen   <sub>Altenburg<\/sub><br><\/td><td>Tel. 07121 677211<\/td><\/tr><tr><td><img decoding=\"async\" loading=\"lazy\" width=\"1857\" height=\"1126\" class=\"wp-image-892\" style=\"width: 150px;\" src=\"http:\/\/altenburger-bussle.de\/wp-content\/uploads\/2025\/03\/Bild-08_SIGNS.jpg\" alt=\"\" srcset=\"https:\/\/altenburger-bussle.de\/wp-content\/uploads\/2025\/03\/Bild-08_SIGNS.jpg 1857w, https:\/\/altenburger-bussle.de\/wp-content\/uploads\/2025\/03\/Bild-08_SIGNS-300x182.jpg 300w, https:\/\/altenburger-bussle.de\/wp-content\/uploads\/2025\/03\/Bild-08_SIGNS-1024x621.jpg 1024w, https:\/\/altenburger-bussle.de\/wp-content\/uploads\/2025\/03\/Bild-08_SIGNS-768x466.jpg 768w, https:\/\/altenburger-bussle.de\/wp-content\/uploads\/2025\/03\/Bild-08_SIGNS-1536x931.jpg 1536w, https:\/\/altenburger-bussle.de\/wp-content\/uploads\/2025\/03\/Bild-08_SIGNS-1200x728.jpg 1200w\" sizes=\"(max-width: 709px) 85vw, (max-width: 909px) 67vw, (max-width: 1362px) 62vw, 840px\" \/><\/td><td>SIGNS Werbung GmbH &amp; Co. KG<br>Stuttgarter Stra\u00dfe 23<br>72766 Reutlingen<\/td><td>www.signs &#8211; werbung.de<\/td><\/tr><tr><td><img decoding=\"async\" loading=\"lazy\" width=\"1857\" height=\"1126\" class=\"wp-image-893\" style=\"width: 150px;\" src=\"http:\/\/altenburger-bussle.de\/wp-content\/uploads\/2025\/03\/Bild-06_Uber.jpg\" alt=\"\" srcset=\"https:\/\/altenburger-bussle.de\/wp-content\/uploads\/2025\/03\/Bild-06_Uber.jpg 1857w, https:\/\/altenburger-bussle.de\/wp-content\/uploads\/2025\/03\/Bild-06_Uber-300x182.jpg 300w, https:\/\/altenburger-bussle.de\/wp-content\/uploads\/2025\/03\/Bild-06_Uber-1024x621.jpg 1024w, https:\/\/altenburger-bussle.de\/wp-content\/uploads\/2025\/03\/Bild-06_Uber-768x466.jpg 768w, https:\/\/altenburger-bussle.de\/wp-content\/uploads\/2025\/03\/Bild-06_Uber-1536x931.jpg 1536w, https:\/\/altenburger-bussle.de\/wp-content\/uploads\/2025\/03\/Bild-06_Uber-1200x728.jpg 1200w\" sizes=\"(max-width: 709px) 85vw, (max-width: 909px) 67vw, (max-width: 1362px) 62vw, 840px\" \/><\/td><td>Martin Uber<br>Aichstra\u00dfe 1<br>72768 Reutlingen  <sub>Altenburg<\/sub><\/td><td>www.steuerberater &#8211; uber.de<\/td><\/tr><tr><td><img decoding=\"async\" loading=\"lazy\" width=\"789\" height=\"478\" class=\"wp-image-876\" style=\"width: 150px;\" src=\"http:\/\/altenburger-bussle.de\/wp-content\/uploads\/2025\/03\/Vogel.jpg\" alt=\"\" srcset=\"https:\/\/altenburger-bussle.de\/wp-content\/uploads\/2025\/03\/Vogel.jpg 789w, https:\/\/altenburger-bussle.de\/wp-content\/uploads\/2025\/03\/Vogel-300x182.jpg 300w, https:\/\/altenburger-bussle.de\/wp-content\/uploads\/2025\/03\/Vogel-768x465.jpg 768w\" sizes=\"(max-width: 789px) 85vw, 789px\" \/><\/td><td>Dieter Vogel GmbH<br>Neckartalstra\u00dfe 4<br>72768 Reutlingen  <sub>Altenburg<\/sub><\/td><td>www.vogel &#8211; autokran.de<\/td><\/tr><tr><td><img decoding=\"async\" loading=\"lazy\" width=\"1857\" height=\"1126\" class=\"wp-image-894\" style=\"width: 150px;\" src=\"http:\/\/altenburger-bussle.de\/wp-content\/uploads\/2025\/03\/Bild-03_Wurst.jpg\" alt=\"\" srcset=\"https:\/\/altenburger-bussle.de\/wp-content\/uploads\/2025\/03\/Bild-03_Wurst.jpg 1857w, https:\/\/altenburger-bussle.de\/wp-content\/uploads\/2025\/03\/Bild-03_Wurst-300x182.jpg 300w, https:\/\/altenburger-bussle.de\/wp-content\/uploads\/2025\/03\/Bild-03_Wurst-1024x621.jpg 1024w, https:\/\/altenburger-bussle.de\/wp-content\/uploads\/2025\/03\/Bild-03_Wurst-768x466.jpg 768w, https:\/\/altenburger-bussle.de\/wp-content\/uploads\/2025\/03\/Bild-03_Wurst-1536x931.jpg 1536w, https:\/\/altenburger-bussle.de\/wp-content\/uploads\/2025\/03\/Bild-03_Wurst-1200x728.jpg 1200w\" sizes=\"(max-width: 709px) 85vw, (max-width: 909px) 67vw, (max-width: 1362px) 62vw, 840px\" \/><\/td><td>Autohaus Martin Wurst GmbH<br>Metzinger Stra\u00dfe 6-8<br>72658 Bempflingen<\/td><td>www.autohaus &#8211; wurst.de<\/td><\/tr><\/tbody><\/table><\/figure>\n\n\n\n<h2>weitere Firmen-Spender und Unterst\u00fctzer<\/h2>\n\n\n\n<h3>( Liste in Arbeit, wird erg\u00e4nzt )<\/h3>\n\n\n\n<figure class=\"wp-block-table aligncenter\"><table><tbody><tr><td><img decoding=\"async\" loading=\"lazy\" width=\"1280\" height=\"720\" class=\"wp-image-916\" style=\"width: 20027px;\" src=\"http:\/\/altenburger-bussle.de\/wp-content\/uploads\/2025\/03\/KSK-2.jpg\" alt=\"\" srcset=\"https:\/\/altenburger-bussle.de\/wp-content\/uploads\/2025\/03\/KSK-2.jpg 1280w, https:\/\/altenburger-bussle.de\/wp-content\/uploads\/2025\/03\/KSK-2-300x169.jpg 300w, https:\/\/altenburger-bussle.de\/wp-content\/uploads\/2025\/03\/KSK-2-1024x576.jpg 1024w, https:\/\/altenburger-bussle.de\/wp-content\/uploads\/2025\/03\/KSK-2-768x432.jpg 768w, https:\/\/altenburger-bussle.de\/wp-content\/uploads\/2025\/03\/KSK-2-1200x675.jpg 1200w\" sizes=\"(max-width: 709px) 85vw, (max-width: 909px) 67vw, (max-width: 1362px) 62vw, 840px\" \/><\/td><td>Kreissparkasse Reutlingen<br>Ludwig-Erhard Stra\u00dfe 40<br>72768 Reutlingen<\/td><td>www. ksk &#8211; reutlingen.de<br><\/td><\/tr><\/tbody><\/table><\/figure>\n\n\n\n<h2><strong>Unsere Konten:<\/strong><\/h2>\n\n\n\n<p><strong>Kreissparkasse Reutlingen<\/strong>  &#8211;   <strong>IBAN<\/strong>  DE81 6405 0000 0009 2710 67<\/p>\n\n\n\n<p><strong>Vereinigte Volksbanken eG \/ Reutlingen<\/strong>  &#8211;  <strong>IBAN<\/strong> DE42 6039 0000 0757 4120 09<\/p>\n\n\n\n<p>oder \u00fcber das <strong>Spendenportal<\/strong>  &#8220;<strong>WIR<\/strong>WUNDER&#8221; der Kreissparkasse Reutlingen<\/p>\n\n\n\n<p> <a href=\"https:\/\/www.wirwunder.de\/projects\/73909?wirwunder=237\">https:\/\/www.wirwunder.de\/projects\/73909?wirwunder=237<\/a><\/p>\n","protected":false},"excerpt":{"rendered":"<p>Hauptunterst\u00fctzer mit Logo auf dem Fahrzeug Apotheke Rommelsbach Egertstra\u00dfe 13 72768 Reutlingen Rommelsbach Tel. 07121 95640 Blumenk\u00f6rbleReisweg 172768 Reutlingen Rommelsbach Tel. 07121 10022 DIMA Dieter Mayer Baustoffe GmbHNeckartalstr. 1072768 Reutlingen Altenburg Tel. 07121 67303 Reitstall ErlenhofDonaustra\u00dfe 9472768 Reutlingen Altenburg www.reitstall &#8211; erlenhof.com SVO R\u00f6ntgentechnik GrotzkeLahnstra\u00dfe 1072768 Reutlingen Altenburg www.sachverstaendige &#8211; grotzke.de H\u00e4ring &amp; Gahn FriseureGotlandstra\u00dfe &hellip; <a href=\"https:\/\/altenburger-bussle.de\/?page_id=63\" class=\"more-link\"><span class=\"screen-reader-text\">&#8222;Unterst\u00fctzer \/ Spenden&#8220; <\/span>weiterlesen<\/a><\/p>\n","protected":false},"author":1,"featured_media":0,"parent":0,"menu_order":0,"comment_status":"closed","ping_status":"closed","template":"","meta":[],"uagb_featured_image_src":{"full":false,"thumbnail":false,"medium":false,"medium_large":false,"large":false,"thumblist":false,"meccarouselthumb":false,"1536x1536":false,"2048x2048":false,"post-thumbnail":false},"uagb_author_info":{"display_name":"info_ypkg8jm9","author_link":"https:\/\/altenburger-bussle.de\/?author=1"},"uagb_comment_info":0,"uagb_excerpt":"Hauptunterst\u00fctzer mit Logo auf dem Fahrzeug Apotheke Rommelsbach Egertstra\u00dfe 13 72768 Reutlingen Rommelsbach Tel. 07121 95640 Blumenk\u00f6rbleReisweg 172768 Reutlingen Rommelsbach Tel. 07121 10022 DIMA Dieter Mayer Baustoffe GmbHNeckartalstr. 1072768 Reutlingen Altenburg Tel. 07121 67303 Reitstall ErlenhofDonaustra\u00dfe 9472768 Reutlingen Altenburg www.reitstall &#8211; erlenhof.com SVO R\u00f6ntgentechnik GrotzkeLahnstra\u00dfe 1072768 Reutlingen Altenburg www.sachverstaendige &#8211; grotzke.de H\u00e4ring &amp; Gahn FriseureGotlandstra\u00dfe&hellip;","_links":{"self":[{"href":"https:\/\/altenburger-bussle.de\/index.php?rest_route=\/wp\/v2\/pages\/63"}],"collection":[{"href":"https:\/\/altenburger-bussle.de\/index.php?rest_route=\/wp\/v2\/pages"}],"about":[{"href":"https:\/\/altenburger-bussle.de\/index.php?rest_route=\/wp\/v2\/types\/page"}],"author":[{"embeddable":true,"href":"https:\/\/altenburger-bussle.de\/index.php?rest_route=\/wp\/v2\/users\/1"}],"replies":[{"embeddable":true,"href":"https:\/\/altenburger-bussle.de\/index.php?rest_route=%2Fwp%2Fv2%2Fcomments&post=63"}],"version-history":[{"count":83,"href":"https:\/\/altenburger-bussle.de\/index.php?rest_route=\/wp\/v2\/pages\/63\/revisions"}],"predecessor-version":[{"id":987,"href":"https:\/\/altenburger-bussle.de\/index.php?rest_route=\/wp\/v2\/pages\/63\/revisions\/987"}],"wp:attachment":[{"href":"https:\/\/altenburger-bussle.de\/index.php?rest_route=%2Fwp%2Fv2%2Fmedia&parent=63"}],"curies":[{"name":"wp","href":"https:\/\/api.w.org\/{rel}","templated":true}]}}